{"id":6,"date":"2019-02-21T10:34:21","date_gmt":"2019-02-21T09:34:21","guid":{"rendered":"http:\/\/www.maklertag.at\/ideenwettbewerb\/?page_id=6"},"modified":"2019-06-17T15:08:42","modified_gmt":"2019-06-17T13:08:42","slug":"startseite","status":"publish","type":"page","link":"https:\/\/www.maklertag.at\/ideenmitweitblick\/","title":{"rendered":"Startseite"},"content":{"rendered":"\n<p><strong>IDD, DSGVO und der rasante technische Fortschritt&nbsp;<\/strong>stellen auch uns Versicherungsmakler vor gro\u00dfe Herausforderungen \u2013 sie bieten aber auch ein Spektrum interessanter M\u00f6glichkeiten. Als Mitglied der Fachgruppe Wien der Versicherungsmakler und Berater in Versicherungsangelegenheiten haben Sie jetzt die M\u00f6glichkeit, die Zukunft unserer Branche mitzugestalten und uns Ihre Anregungen zu schicken!<br> <\/p>\n\n\n\n<ul><li>Besch\u00e4ftigt Sie schon seit l\u00e4ngerem ein genialer Gedanke oder die L\u00f6sung f\u00fcr ein Problem, das im B\u00fcroalltag immer wieder auftaucht?<\/li><li>Wie k\u00f6nnen wir unseren Berufstand f\u00fcr den Nachwuchs interessant gestalten?<\/li><li>Was brauchen Versicherungsmakler\/Versicherungsmaklerinnen,um \u2013 neben Online-Vergleichsportalen und Robo-Beratern \u2013 weiter erfolgreich sein zu k\u00f6nnen?<\/li><li>Wie stellen wir als Versicherungsmakler sicher, dass auch die n\u00e4chste Generationunserer Kunden richtig versichert ist?<\/li><li>Welche Arbeitsvorg\u00e4nge k\u00f6nnten vereinfacht bzw. effizienter gestaltet werden?<\/li><li>Gibt es Kundengruppen, deren Bed\u00fcrfnisse zu wenig wahrgenommen werden?Was k\u00f6nnten wir dagegen tun?<\/li><\/ul>\n\n\n\n<blockquote class=\"wp-block-quote\"><p>\u00bbEINE WIRKLICH GUTE IDEE ERKENNT MAN DARAN, DASS IHRE VERWIRKLICHUNG VON VORNE HEREIN AUSGESCHLOSSEN ERSCHEINT.\u00ab&nbsp;<\/p><cite>Albert Einstein<\/cite><\/blockquote>\n\n\n\n<p>Sie haben eine oder mehrere Idee\/n zu folgenden Themen:<\/p>\n\n\n\n<ul><li>Digitalisierung und Innovation<\/li><li>Nachwuchs\/Generationenwechsel<\/li><li>Weiterbildung\/Ausbildung<\/li><li>Kommunikation<\/li><li>Diversity (Vielfalt hinsichtlich Kultur, Sprache, Religion, etc.)<\/li><li>Administration und Effizienz<\/li><li>Produkte<\/li><li>Qualit\u00e4t<\/li><li>Kundenberatung<\/li><\/ul>\n\n\n\n<p>Beschreiben Sie Ihre Idee in einem Video, einer Skizze oder in einem Text<br>und schicken Sie Ihre Vorschl\u00e4ge an <a href=\"&#x6d;&#97;i&#x6c;&#x74;&#111;:&#x77;&#x65;&#116;t&#x62;&#x65;&#119;e&#x72;&#x62;&#64;m&#x61;&#107;&#108;e&#x72;&#116;a&#x67;&#x2e;&#97;t\">&#x77;&#x65;&#x74;&#x74;&#98;&#101;&#119;er&#x62;&#x40;&#x6d;&#x61;&#x6b;&#108;&#101;&#114;ta&#x67;&#x2e;&#x61;&#x74;<\/a><br>Einsendeschluss ist der&nbsp;<strong>30. Oktober 2019<\/strong>, 24 Uhr.<\/p>\n\n\n\n<p>Auf die drei besten Ideen warten\u00a0<strong>Preise <\/strong>bis zu <strong>2.000 Euro.<\/strong><br><strong>1. Platz:\u00a0<\/strong>Ihre Plakatwerbung ein Jahr lang auf einem Bahnhof Ihrer Wahl<\/p>\n\n\n\n<p><strong>Ideen<\/strong> zu Themen wie <strong>Digitalisierung oder Online-Kommunikation<\/strong> werden von <strong>TOGETHER CCA<\/strong>,  f\u00fchrender IT-Dienstleister in der Versicherungsbranche, mit <strong>1.000 Euro Preisgeld<\/strong> zus\u00e4tzlich gef\u00f6rdert.  Neben dem Preisgeld wird dem Team mit dem innovativsten Entwurf au\u00dferdem die M\u00f6glichkeit geboten, an einem Workshop von TOGETHER CCA teilzunehmen, der zur Realisierung der Idee beitragen soll.  <\/p>\n\n\n\n<p><strong>2. und 3. Platz<\/strong>: Thermengutscheine<\/p>\n\n\n\n<p>Jede Idee z\u00e4hlt! Selbst wenn sie \u2013 wie Einstein schon sagte \u2013 heute noch unrealistisch erscheint!<br>Alle eingereichten Ideen unterliegen der Geheimhaltung und werden vertraulich behandelt.<\/p>\n\n\n\n<p>Details zur Einreichung und den Teilnahmebedingungen finden Sie <a href=\"https:\/\/www.dropbox.com\/s\/wt6tsh19la2jipb\/Einreichbedingungen%20Ideenwettbewerb%20der%20Wiener%20Versicherungsmakler.pdf?dl=0\" target=\"_blank\" rel=\"noreferrer noopener\" aria-label=\" (\u00f6ffnet in neuem Tab)\">hier<\/a><\/p>\n\n\n\n<p><\/p>\n","protected":false},"excerpt":{"rendered":"<p><strong>IDD, DSGVO und der rasante technische Fortschritt&nbsp;<\/strong>stellen auch uns Versicherungsmakler vor gro\u00dfe Herausforderungen \u2013 sie bieten aber auch ein Spektrum interessanter M\u00f6glichkeiten. Als Mitglied der Fachgruppe Wien der Versicherungsmakler und Berater in Versicherungsangelegenheiten haben Sie jetzt die M\u00f6glichkeit, die Zukunft unserer Branche mitzugestalten und uns Ihre Anregungen zu schicken! <\/p>\n<ul>\n<li>Besch\u00e4ftigt Sie schon seit l\u00e4ngerem ein genialer Gedanke oder die L\u00f6sung f\u00fcr ein Problem, das im B\u00fcroalltag immer wieder auftaucht?<\/li>\n<li>Wie k\u00f6nnen wir unseren Berufstand f\u00fcr den Nachwuchs interessant gestalten?<\/li>\n<li>Was brauchen Versicherungsmakler\/Versicherungsmaklerinnen,um \u2013 neben Online-Vergleichsportalen und Robo-Beratern \u2013 weiter erfolgreich sein zu k\u00f6nnen?<\/li>\n<li>Wie stellen wir als Versicherungsmakler sicher, dass auch die n\u00e4chste Generationunserer Kunden richtig versichert ist?<\/li>\n<li>Welche Arbeitsvorg\u00e4nge k\u00f6nnten vereinfacht bzw. effizienter gestaltet werden?<\/li>\n<li>Gibt es Kundengruppen, deren Bed\u00fcrfnisse zu wenig wahrgenommen werden?Was k\u00f6nnten wir dagegen tun?<\/li>\n<\/ul>\n<blockquote class=\"wp-block-quote\">\n<p>\u00bbEINE WIRKLICH GUTE IDEE ERKENNT MAN DARAN, DASS IHRE VERWIRKLICHUNG VON VORNE HEREIN AUSGESCHLOSSEN ERSCHEINT.\u00ab&nbsp;<\/p>\n<p><cite>Albert Einstein<\/cite><\/p><\/blockquote>\n<p>Sie haben eine oder mehrere Idee\/n zu folgenden Themen:<\/p>\n<ul>\n<li>Digitalisierung und Innovation<\/li>\n<li>Nachwuchs\/Generationenwechsel<\/li>\n<li>Weiterbildung\/Ausbildung<\/li>\n<li>Kommunikation<\/li>\n<li>Diversity (Vielfalt hinsichtlich Kultur, Sprache, Religion, etc.)<\/li>\n<li>Administration und Effizienz<\/li>\n<li>Produkte<\/li>\n<li>Qualit\u00e4t<\/li>\n<li>Kundenberatung<\/li>\n<\/ul>\n<p>Beschreiben Sie Ihre Idee in einem Video, einer Skizze oder in einem Text<br \/>und schicken Sie Ihre Vorschl\u00e4ge an <a href=\"&#109;&#x61;&#105;&#x6c;&#116;&#x6f;:&#x77;e&#116;&#x74;&#98;&#x65;&#119;&#x65;r&#x62;&#64;&#109;&#x61;&#107;&#x6c;&#101;&#x72;&#116;&#x61;g&#x2e;a&#116;\">&#119;&#x65;t&#x74;&#x62;&#101;&#x77;e&#114;&#x62;&#64;&#x6d;a&#107;&#x6c;e&#x72;t&#97;&#x67;&#46;&#x61;&#x74;<\/a><br \/>Einsendeschluss ist der&nbsp;<strong>30. Oktober 2019<\/strong>, 24 Uhr.<\/p>\n<p>Auf die drei besten Ideen warten\u00a0<strong>Preise <\/strong>bis zu <strong>2.000 Euro.<\/strong><br \/><strong>1. Platz:\u00a0<\/strong>Ihre Plakatwerbung ein Jahr lang auf einem Bahnhof Ihrer Wahl<\/p>\n<p><strong>Ideen<\/strong> zu Themen wie <strong>Digitalisierung oder Online-Kommunikation<\/strong> werden von <strong>TOGETHER CCA<\/strong>,  f\u00fchrender IT-Dienstleister in der Versicherungsbranche, mit <strong>1.000 Euro Preisgeld<\/strong> zus\u00e4tzlich gef\u00f6rdert.  Neben dem Preisgeld wird dem Team mit dem innovativsten Entwurf au\u00dferdem die M\u00f6glichkeit geboten, an einem Workshop von TOGETHER CCA teilzunehmen, der zur Realisierung der Idee beitragen soll.  <\/p>\n<p><strong>2. und 3. Platz<\/strong>: Thermengutscheine<\/p>\n<p>Jede Idee z\u00e4hlt! Selbst wenn sie \u2013 wie Einstein schon sagte \u2013 heute noch unrealistisch erscheint!<br \/>Alle eingereichten Ideen unterliegen der Geheimhaltung und werden vertraulich behandelt.<\/p>\n<p>Details zur Einreichung und den Teilnahmebedingungen finden Sie <a href=\"https:\/\/www.dropbox.com\/s\/wt6tsh19la2jipb\/Einreichbedingungen%20Ideenwettbewerb%20der%20Wiener%20Versicherungsmakler.pdf?dl=0\" target=\"_blank\" rel=\"noreferrer noopener\" aria-label=\" (\u00f6ffnet in neuem Tab)\">hier<\/a><\/p><\/p>\n","protected":false},"author":1,"featured_media":0,"parent":0,"menu_order":0,"comment_status":"closed","ping_status":"closed","template":"","meta":[],"_links":{"self":[{"href":"https:\/\/www.maklertag.at\/ideenmitweitblick\/wp-json\/wp\/v2\/pages\/6"}],"collection":[{"href":"https:\/\/www.maklertag.at\/ideenmitweitblick\/wp-json\/wp\/v2\/pages"}],"about":[{"href":"https:\/\/www.maklertag.at\/ideenmitweitblick\/wp-json\/wp\/v2\/types\/page"}],"author":[{"embeddable":true,"href":"https:\/\/www.maklertag.at\/ideenmitweitblick\/wp-json\/wp\/v2\/users\/1"}],"replies":[{"embeddable":true,"href":"https:\/\/www.maklertag.at\/ideenmitweitblick\/wp-json\/wp\/v2\/comments?post=6"}],"version-history":[{"count":21,"href":"https:\/\/www.maklertag.at\/ideenmitweitblick\/wp-json\/wp\/v2\/pages\/6\/revisions"}],"predecessor-version":[{"id":45,"href":"https:\/\/www.maklertag.at\/ideenmitweitblick\/wp-json\/wp\/v2\/pages\/6\/revisions\/45"}],"wp:attachment":[{"href":"https:\/\/www.maklertag.at\/ideenmitweitblick\/wp-json\/wp\/v2\/media?parent=6"}],"curies":[{"name":"wp","href":"https:\/\/api.w.org\/{rel}","templated":true}]}}